{"id":28266,"date":"2022-10-28T08:00:45","date_gmt":"2022-10-28T14:00:45","guid":{"rendered":"https:\/\/fentanyledcolorado.org\/home\/"},"modified":"2025-07-28T13:42:54","modified_gmt":"2025-07-28T19:42:54","slug":"home","status":"publish","type":"page","link":"https:\/\/fentanyledcolorado.org\/es\/","title":{"rendered":"Inicio"},"content":{"rendered":"<div class=\"wpb-content-wrapper\"><p>[vc_row][vc_column][vc_empty_space height=&#8221;50px&#8221;][vc_cta h2=&#8221;&#8221; style=&#8221;custom&#8221; css=&#8221;.vc_custom_1675179098202{background-color: #f0d478 !important;}&#8221; custom_background=&#8221;rgba(240,212,120,0.6)&#8221;]El uso de fentanilo es un problema de salud creciente en Colorado, con un aumento de cinco veces el n\u00famero de muertes por fentanilo en s\u00f3lo cinco a\u00f1os. Para responder a esta crisis, la legislatura de Colorado aprob\u00f3 la Ley de Responsabilidad y Prevenci\u00f3n de Fentanilo con el doble objetivo de disuadir a los comerciantes de la droga y educar a los usuarios de fentanilo atrapados en el sistema legal.[\/vc_cta][vc_row_inner][vc_column_inner width=&#8221;1\/2&#8243;][vc_column_text css=&#8221;&#8221;]El curso <strong>Educaci\u00f3n sobre fentanilo en Colorado<\/strong>\u00a0forma parte del plan educativo de la legislatura. Este sitio educa a los delincuentes y al p\u00fablico en general sobre:<\/p>\n<ul>\n<li>Prevalencia y peligros del fentanilo,<\/li>\n<li>Formas de reducir las probabilidades de sobredosis y muerte si consume drogas,<br \/>\nespecialmente el fentanilo y otros opioides,<\/li>\n<li>Los cambios en las consecuencias jur\u00eddicas de los delitos relacionados con el fentanilo y otros opioides similares,<\/li>\n<li>Las nuevas opciones de tratamiento,<\/li>\n<li>Apoyo a la vida sobria despu\u00e9s del tratamiento.<\/li>\n<\/ul>\n<p>[\/vc_column_text][\/vc_column_inner][vc_column_inner width=&#8221;1\/2&#8243;][vc_empty_space][vc_video link=&#8221;https:\/\/youtu.be\/zroahEaDGkE&#8221; align=&#8221;center&#8221; css=&#8221;.vc_custom_1671036744748{background-position: 0 0 !important;background-repeat: repeat !important;border-radius: 2px !important;}&#8221;][vc_btn title=&#8221;Registrarse&#8221; align=&#8221;center&#8221; button_block=&#8221;true&#8221; link=&#8221;url:https%3A%2F%2Ffentanyledcolorado.org%2Fes%2Fregistration-page%2F&#8221; el_class=&#8221;button-register&#8221;][\/vc_column_inner][\/vc_row_inner][\/vc_column][\/vc_row][vc_row full_width=&#8221;stretch_row_content&#8221; css=&#8221;.vc_custom_1668995534977{padding-top: 60px !important;padding-bottom: 54px !important;}&#8221;][vc_column width=&#8221;1\/6&#8243;][\/vc_column][vc_column width=&#8221;2\/3&#8243;][vc_btn title=&#8221;Acceda al curso de formaci\u00f3n sobre el fentanilo&#8221; style=&#8221;classic&#8221; color=&#8221;white&#8221; size=&#8221;lg&#8221; align=&#8221;center&#8221; css=&#8221;.vc_custom_1670446042331{margin-top: 3px !important;margin-right: 3px !important;margin-bottom: 3px !important;margin-left: 3px !important;border-top-width: 0px !important;border-right-width: 0px !important;border-bottom-width: 0px !important;border-left-width: 0px !important;padding-top: 3px !important;padding-right: 3px !important;padding-bottom: 3px !important;padding-left: 3px !important;background-color: #ffffff !important;}&#8221; button_block=&#8221;true&#8221; link=&#8221;url:https%3A%2F%2Ffentanyledcolorado.org%2Fes%2Fcourses%2Ffentanyl-education%2F|&#8221; el_class=&#8221;.fe_home_page_course_link&#8221;][vc_tta_accordion title_tag=&#8221;p&#8221; section_title_tag=&#8221;p&#8221; color=&#8221;white&#8221; c_icon=&#8221;triangle&#8221; active_section=&#8221;&#8221; no_fill=&#8221;true&#8221; collapsible_all=&#8221;true&#8221;][vc_tta_section title=&#8221;\u00bfTiene alg\u00fan costo realizar este curso?&#8221; tab_id=&#8221;1670445815584-61c4ccfa-4fae&#8221;][vc_column_text]No, la realizaci\u00f3n de este curso es <b>gratuita.<\/b>[\/vc_column_text][\/vc_tta_section][vc_tta_section title=&#8221;\u00bfQui\u00e9n puede realizar este curso?&#8221; tab_id=&#8221;1670445815593-2c35b872-5348&#8243;][vc_column_text]Este curso est\u00e1 al alcance de todos.<\/p>\n<p>Sin embargo, la realizaci\u00f3n de este curso es obligatoria para las personas a las que un tribunal de Colorado haya ordenado recibir educaci\u00f3n sobre el fentanilo.<\/p>\n<p>Tambi\u00e9n es un lugar para que las personas de las agencias autorizadas por la Administraci\u00f3n de Salud Mental de Colorado aprendan a impartir educaci\u00f3n sobre el fentanilo.[\/vc_column_text][\/vc_tta_section][vc_tta_section title=&#8221;\u00bfCu\u00e1nto tiempo se tarda en completar este curso?&#8221; tab_id=&#8221;1670445937020-718c9215-845a&#8221;][vc_column_text]Se tardar\u00e1 de 1 a 2 horas en completarse, y se puede acceder al curso tantas veces como sea necesario para completar.[\/vc_column_text][\/vc_tta_section][\/vc_tta_accordion][\/vc_column][vc_column width=&#8221;1\/6&#8243;][\/vc_column][\/vc_row]<\/p>\n<\/div>","protected":false},"excerpt":{"rendered":"<p>[vc_row][vc_column][vc_empty_space height=&#8221;50px&#8221;][vc_cta h2=&#8221;&#8221; style=&#8221;custom&#8221; css=&#8221;.vc_custom_1675179098202{background-color: #f0d478 !important;}&#8221; custom_background=&#8221;rgba(240,212,120,0.6)&#8221;]El uso de fentanilo es un problema de salud creciente en Colorado, con un aumento de cinco veces el n\u00famero de muertes por <a class=\"read-more\" href=\"https:\/\/fentanyledcolorado.org\/es\/\">Read More<\/a><\/p>\n","protected":false},"author":2,"featured_media":0,"parent":0,"menu_order":0,"comment_status":"closed","ping_status":"closed","template":"","meta":{"_acf_changed":false,"footnotes":""},"class_list":["post-28266","page","type-page","status-publish","hentry"],"acf":[],"_links":{"self":[{"href":"https:\/\/fentanyledcolorado.org\/es\/wp-json\/wp\/v2\/pages\/28266","targetHints":{"allow":["GET"]}}],"collection":[{"href":"https:\/\/fentanyledcolorado.org\/es\/wp-json\/wp\/v2\/pages"}],"about":[{"href":"https:\/\/fentanyledcolorado.org\/es\/wp-json\/wp\/v2\/types\/page"}],"author":[{"embeddable":true,"href":"https:\/\/fentanyledcolorado.org\/es\/wp-json\/wp\/v2\/users\/2"}],"replies":[{"embeddable":true,"href":"https:\/\/fentanyledcolorado.org\/es\/wp-json\/wp\/v2\/comments?post=28266"}],"version-history":[{"count":0,"href":"https:\/\/fentanyledcolorado.org\/es\/wp-json\/wp\/v2\/pages\/28266\/revisions"}],"wp:attachment":[{"href":"https:\/\/fentanyledcolorado.org\/es\/wp-json\/wp\/v2\/media?parent=28266"}],"curies":[{"name":"wp","href":"https:\/\/api.w.org\/{rel}","templated":true}]}}