{"id":28679,"date":"2017-04-03T10:49:55","date_gmt":"2017-04-03T16:49:55","guid":{"rendered":"https:\/\/fentanyledcolorado.org\/acerca-de\/"},"modified":"2025-07-28T13:45:17","modified_gmt":"2025-07-28T19:45:17","slug":"acerca-de","status":"publish","type":"page","link":"https:\/\/fentanyledcolorado.org\/es\/acerca-de\/","title":{"rendered":"Acerca de"},"content":{"rendered":"<div class=\"wpb-content-wrapper\"><p>[vc_row][vc_column][vc_empty_space height=&#8221;100px&#8221;][\/vc_column][\/vc_row][vc_row][vc_column][vc_column_text]Colorado Fentanyl Education est\u00e1 financiado por el estado de Colorado y administrado por la Behavioral Health Administration (BHA). Se cre\u00f3 bajo la direcci\u00f3n del proyecto de ley 22-1326, Responsabilidad y Prevenci\u00f3n del Fentanilo.<\/p>\n<p>El sitio ha sido desarrollado por el Departamento de Medicina Familiar de la Universidad de Colorado en colaboraci\u00f3n con el Programa de Innovaci\u00f3n Pr\u00e1ctica (PIP).<\/p>\n<p>Las preguntas e inquietudes deben enviarse por correo electr\u00f3nico a <a href=\"mailto:help@fentyledcolorado.org\" target=\"_blank\" rel=\"noopener\">help@fentyledcolorado.org<\/a>.[\/vc_column_text][\/vc_column][\/vc_row][vc_row][vc_column][vc_empty_space][\/vc_column][\/vc_row][vc_row][vc_column width=&#8221;1\/2&#8243;][vc_single_image image=&#8221;28064&#8243; img_size=&#8221;medium&#8221; alignment=&#8221;center&#8221;][\/vc_column][vc_column width=&#8221;1\/2&#8243;][vc_single_image image=&#8221;28200&#8243; img_size=&#8221;medium&#8221; alignment=&#8221;center&#8221;][\/vc_column][\/vc_row]<\/p>\n<\/div>","protected":false},"excerpt":{"rendered":"<p>[vc_row][vc_column][vc_empty_space height=&#8221;100px&#8221;][\/vc_column][\/vc_row][vc_row][vc_column][vc_column_text]Colorado Fentanyl Education est\u00e1 financiado por el estado de Colorado y administrado por la Behavioral Health Administration (BHA). Se cre\u00f3 bajo la direcci\u00f3n del proyecto de ley 22-1326, Responsabilidad <a class=\"read-more\" href=\"https:\/\/fentanyledcolorado.org\/es\/acerca-de\/\">Read More<\/a><\/p>\n","protected":false},"author":2,"featured_media":0,"parent":0,"menu_order":0,"comment_status":"closed","ping_status":"closed","template":"","meta":{"_acf_changed":false,"footnotes":""},"class_list":["post-28679","page","type-page","status-publish","hentry"],"acf":[],"_links":{"self":[{"href":"https:\/\/fentanyledcolorado.org\/es\/wp-json\/wp\/v2\/pages\/28679","targetHints":{"allow":["GET"]}}],"collection":[{"href":"https:\/\/fentanyledcolorado.org\/es\/wp-json\/wp\/v2\/pages"}],"about":[{"href":"https:\/\/fentanyledcolorado.org\/es\/wp-json\/wp\/v2\/types\/page"}],"author":[{"embeddable":true,"href":"https:\/\/fentanyledcolorado.org\/es\/wp-json\/wp\/v2\/users\/2"}],"replies":[{"embeddable":true,"href":"https:\/\/fentanyledcolorado.org\/es\/wp-json\/wp\/v2\/comments?post=28679"}],"version-history":[{"count":0,"href":"https:\/\/fentanyledcolorado.org\/es\/wp-json\/wp\/v2\/pages\/28679\/revisions"}],"wp:attachment":[{"href":"https:\/\/fentanyledcolorado.org\/es\/wp-json\/wp\/v2\/media?parent=28679"}],"curies":[{"name":"wp","href":"https:\/\/api.w.org\/{rel}","templated":true}]}}