{"id":28696,"date":"2022-11-04T04:07:15","date_gmt":"2022-11-04T10:07:15","guid":{"rendered":"https:\/\/fentanyledcolorado.org\/recursos\/"},"modified":"2023-01-31T13:58:11","modified_gmt":"2023-01-31T20:58:11","slug":"recursos","status":"publish","type":"page","link":"https:\/\/fentanyledcolorado.org\/es\/recursos\/","title":{"rendered":"Recursos"},"content":{"rendered":"<div class=\"wpb-content-wrapper\"><p>[vc_row][vc_column][vc_empty_space height=&#8221;2rem&#8221;][vc_column_text]Para obtener ayuda con cualquier problema de salud mental, consumo de sustancias o emocional, llame a <a href=\"https:\/\/coloradocrisisservices.org\/\">Colorado Crisis Services<\/a> al 844- 493-TALK (8255), o env\u00ede un mensaje de texto TALK al 38255. Profesionales formados ofrecen ayuda gratuita, inmediata y confidencial, 24 horas al d\u00eda, 7 d\u00edas a la semana, 365 d\u00edas al a\u00f1o.[\/vc_column_text][vc_empty_space height=&#8221;2rem&#8221;][vc_cta h2=&#8221;&#8221; style=&#8221;outline&#8221;]<\/p>\n<h3 style=\"text-align: center;\">Folletos educativos sobre el fentanilo en Colorado<\/h3>\n<p>Estos enlaces le permiten descargar los folletos educativos sobre el fentanilo que resumen los puntos principales de cada secci\u00f3n del curso. Los folletos fueron creados por la Colorado Behavioral Health Administration y contienen informaci\u00f3n fiable y direcciones de Internet donde puede obtener ayuda.<\/p>\n<p><a href=\"https:\/\/fentanyledcolorado.org\/wp-content\/uploads\/2023\/01\/Conoce_el_fentanilo_handout.pdf\" target=\"_blank\" rel=\"noopener\">Conoce el fentanilo<\/a><\/p>\n<p><a href=\"https:\/\/fentanyledcolorado.org\/wp-content\/uploads\/2023\/01\/Reduzca-_u_riesgo_handout.pdf\" target=\"_blank\" rel=\"noopener\">Reduzca el riesgo<\/a><\/p>\n<p><a href=\"https:\/\/fentanyledcolorado.org\/wp-content\/uploads\/2023\/01\/Leyes_de_fentanilo_handout.pdf\" target=\"_blank\" rel=\"noopener\">Leyes sobre fentanilo en Colorado<\/a><\/p>\n<p><a href=\"https:\/\/fentanyledcolorado.org\/wp-content\/uploads\/2023\/01\/Tratamiento_con_fentanilo_handout.pdf\" target=\"_blank\" rel=\"noopener\">Tratamiento del trastorno por consumo de opi\u00e1ceos<\/a>[\/vc_cta][vc_empty_space height=&#8221;2rem&#8221;][vc_cta h2=&#8221;&#8221; style=&#8221;outline&#8221;]<\/p>\n<h2 style=\"text-align: center;\"><strong>Recursos de seguridad<br \/>\n<\/strong><\/h2>\n<p style=\"text-align: left;\">Estos enlaces le conectan con diversos recursos especializados en reducir los da\u00f1os y las muertes relacionados con el consumo de sustancias. Ofrecen informaci\u00f3n sobre c\u00f3mo estar m\u00e1s seguro y reducir el riesgo si sigues consumiendo, y algunos te ponen en contacto con centros de intercambio de agujas y lugares donde puedes conseguir naloxona, un medicamento que salva vidas.<\/p>\n<p style=\"text-align: left;\"><a href=\"https:\/\/opirescue.com\" target=\"_blank\" rel=\"noopener\">P\u00e1gina web y aplicaci\u00f3n de OpiRescue<\/a><\/p>\n<p style=\"text-align: left;\"><a href=\"https:\/\/www.stoptheclockcolorado.org\/map\" target=\"_blank\" rel=\"noopener\">Stop the Clock Mapa de disponibilidad de naloxona en Colorado<\/a><\/p>\n<p style=\"text-align: left;\"><a href=\"https:\/\/bringnaloxonehome.org\/how-to-get-naloxone\/\">Campa\u00f1a &#8220;Lleva la naloxona a casa&#8221; en Colorado<\/a><\/p>\n<p><a href=\"https:\/\/cdphe.colorado.gov\/reducing-infections-from-injection-drug-use\" target=\"_blank\" rel=\"noopener\">Encuentre un programa de acceso a jeringuillas de Colorado<\/a><\/p>\n<p style=\"text-align: left;\"><a href=\"https:\/\/www.cdc.gov\/stopoverdose\/fentanyl\/fentanyl-test-strips.html\">CDC Stop Sobredosis: Tiras reactivas de fentanilo<\/a><\/p>\n<p style=\"text-align: left;\"><a href=\"https:\/\/coloradohealthnetwork.org\/prevention-health-education\/access-point\/\">Programa de acceso a jeringuillas de la Red de Salud de Colorado<\/a><\/p>\n<p style=\"text-align: left;\"><a href=\"https:\/\/harmreduction.org\" target=\"_blank\" rel=\"noopener\">Coalici\u00f3n Nacional para la Reducci\u00f3n de Da\u00f1os<\/a><\/p>\n<p>[\/vc_cta][vc_empty_space height=&#8221;2rem&#8221;][vc_cta h2=&#8221;&#8221; style=&#8221;outline&#8221;]<\/p>\n<h3 style=\"text-align: center;\">Recursos para el tratamiento<\/h3>\n<p>Los dos primeros enlaces le conectan con informaci\u00f3n que le ayudar\u00e1 a reconocer y afrontar la adicci\u00f3n. El resto le llevan a sitios web que ofrecen informaci\u00f3n de contacto directa (nombres, n\u00fameros de tel\u00e9fono y direcciones) de diversos servicios de tratamiento y recuperaci\u00f3n.<\/p>\n<p><a href=\"https:\/\/fentanyledcolorado.org\/wp-content\/uploads\/2022\/11\/Treatment-and-Recovery-Fact-Sheet.pdf\" target=\"_blank\" rel=\"noopener\">CDC Informaci\u00f3n sobre tratamiento y recuperaci\u00f3n<\/a><\/p>\n<p><a href=\"https:\/\/www.cdc.gov\/rxawareness\/treatment\/index.html\" target=\"_blank\" rel=\"noopener\">CDC \u00bfQu\u00e9 es el trastorno por consumo de opi\u00e1ceos?<\/a><\/p>\n<p><a href=\"https:\/\/bha.colorado.gov\/mobile-health-services\">Servicios sanitarios m\u00f3viles de Colorado<\/a><\/p>\n<p><a href=\"https:\/\/drive.google.com\/file\/d\/0B_Qu7DlYJwx7d0NzTE1yelBrVTQ\/view?resourcekey=0-zCDLXFeCptTz93qq0NxdfA\" target=\"_blank\" rel=\"noopener\">Informaci\u00f3n de contacto de los programas de tratamiento de opi\u00e1ceos (OTP) en Colorado<\/a><\/p>\n<p><a href=\"https:\/\/www.samhsa.gov\/medication-assisted-treatment\/find-treatment\/treatment-practitioner-locator?field_bup_state_value=7\" target=\"_blank\" rel=\"noopener\">SAMHSA Encuentre un proveedor de buprenorfrina en Colorado<\/a><\/p>\n<p><a href=\"https:\/\/dpt2.samhsa.gov\/treatment\/directory.aspx\" target=\"_blank\" rel=\"noopener\">SAMHSA Encuentre un programa de tratamiento de opi\u00e1ceos (OTP)<\/a><\/p>\n<p><a href=\"https:\/\/www.findtreatment.gov\/\" target=\"_blank\" rel=\"noopener\">SAMHSA Buscador de tratamientos de salud mental y drogodependencias<\/a><\/p>\n<p><a href=\"https:\/\/findtreatment.samhsa.gov\/\" target=\"_blank\" rel=\"noopener\">SAMHSA Buscar tratamiento por c\u00f3digo postal<\/a>[\/vc_cta][vc_empty_space height=&#8221;2rem&#8221;][vc_cta h2=&#8221;&#8221; style=&#8221;outline&#8221;]<\/p>\n<h2 style=\"text-align: center;\"><strong>Recursos de vida sobria y alojamiento para la recuperaci\u00f3n<\/strong><\/h2>\n<p style=\"text-align: left;\">Estos enlaces te conectan con organizaciones especializadas en encontrar lugares seguros y de apoyo para personas en recuperaci\u00f3n.<\/p>\n<p style=\"text-align: left;\"><a href=\"https:\/\/fentanyledcolorado.org\/es\/courses\/fentanyl-education\/\" target=\"_blank\" rel=\"noopener\">Asociaci\u00f3n de Residencias de Recuperaci\u00f3n de Colorado<\/a><\/p>\n<p style=\"text-align: left;\"><a href=\"https:\/\/www.oxfordvacancies.com\/\" target=\"_blank\" rel=\"noopener\">Casas de Oxford<\/a><\/p>\n<p><a href=\"https:\/\/advocatesforrecovery.org\/\" target=\"_blank\" rel=\"noopener\">Defensores de la recuperaci\u00f3n<\/a>[\/vc_cta][vc_empty_space height=&#8221;2rem&#8221;][vc_cta h2=&#8221;&#8221; style=&#8221;outline&#8221;]<\/p>\n<h3 style=\"text-align: center;\">M\u00e1s informaci\u00f3n sobre la sobredosis<\/h3>\n<p><a href=\"https:\/\/www.samhsa.gov\/medication-assisted-treatment\/medications-counseling-related-conditions\/opioid-overdose\" target=\"_blank\" rel=\"noopener\">C\u00f3mo reconocer una sobredosis<\/a><\/p>\n<p><a href=\"https:\/\/www.cdc.gov\/stopoverdose\/index.html\" target=\"_blank\" rel=\"noopener\">CDC 24\/7 Salvar vidas, proteger a las personas<\/a><\/p>\n<p><a href=\"https:\/\/admin.dea.gov\/onepill\" target=\"_blank\" rel=\"noopener\">Campa\u00f1a &#8220;Una p\u00edldora puede matar<\/a>[\/vc_cta][vc_empty_space height=&#8221;2rem&#8221;][vc_cta h2=&#8221;&#8221; style=&#8221;outline&#8221;]<\/p>\n<h3 style=\"text-align: center;\">M\u00e1s informaci\u00f3n sobre el fentanilo y los opi\u00e1ceos<\/h3>\n<p><a href=\"https:\/\/www.cdc.gov\/stopoverdose\/fentanyl\/index.html\" target=\"_blank\" rel=\"noopener\">Datos sobre el fentanilo de los CDC<\/a><\/p>\n<p><a href=\"https:\/\/www.cdc.gov\/stopoverdose\/polysubstance-use\/index.html\" target=\"_blank\" rel=\"noopener\">CDC Datos sobre el consumo de polisustancias<\/a><\/p>\n<p><a href=\"https:\/\/admin.dea.gov\/onepill\" target=\"_blank\" rel=\"noopener\">Una p\u00edldora puede matar un sitio web<\/a><\/p>\n<p><a href=\"https:\/\/www.getsmartaboutdrugs.gov\/news-statistics\/2017\/06\/09\/sober-apps-new-way-help-those-recovery\" target=\"_blank\" rel=\"noopener\">Ser inteligente con las drogas<\/a>[\/vc_cta][\/vc_column][\/vc_row][vc_row][vc_column][\/vc_column][\/vc_row]<\/p>\n<\/div>","protected":false},"excerpt":{"rendered":"<p>[vc_row][vc_column][vc_empty_space height=&#8221;2rem&#8221;][vc_column_text]Para obtener ayuda con cualquier problema de salud mental, consumo de sustancias o emocional, llame a Colorado Crisis Services al 844- 493-TALK (8255), o env\u00ede un mensaje de texto <a class=\"read-more\" href=\"https:\/\/fentanyledcolorado.org\/es\/recursos\/\">Read More<\/a><\/p>\n","protected":false},"author":6,"featured_media":0,"parent":0,"menu_order":0,"comment_status":"closed","ping_status":"closed","template":"","meta":{"_acf_changed":false,"footnotes":""},"class_list":["post-28696","page","type-page","status-publish","hentry"],"acf":[],"_links":{"self":[{"href":"https:\/\/fentanyledcolorado.org\/es\/wp-json\/wp\/v2\/pages\/28696","targetHints":{"allow":["GET"]}}],"collection":[{"href":"https:\/\/fentanyledcolorado.org\/es\/wp-json\/wp\/v2\/pages"}],"about":[{"href":"https:\/\/fentanyledcolorado.org\/es\/wp-json\/wp\/v2\/types\/page"}],"author":[{"embeddable":true,"href":"https:\/\/fentanyledcolorado.org\/es\/wp-json\/wp\/v2\/users\/6"}],"replies":[{"embeddable":true,"href":"https:\/\/fentanyledcolorado.org\/es\/wp-json\/wp\/v2\/comments?post=28696"}],"version-history":[{"count":0,"href":"https:\/\/fentanyledcolorado.org\/es\/wp-json\/wp\/v2\/pages\/28696\/revisions"}],"wp:attachment":[{"href":"https:\/\/fentanyledcolorado.org\/es\/wp-json\/wp\/v2\/media?parent=28696"}],"curies":[{"name":"wp","href":"https:\/\/api.w.org\/{rel}","templated":true}]}}