{"id":28718,"date":"2017-04-03T10:49:42","date_gmt":"2017-04-03T16:49:42","guid":{"rendered":"https:\/\/fentanyledcolorado.org\/faq\/"},"modified":"2023-01-27T19:10:41","modified_gmt":"2023-01-28T02:10:41","slug":"faq","status":"publish","type":"page","link":"https:\/\/fentanyledcolorado.org\/es\/faq\/","title":{"rendered":"PREGUNTAS FRECUENTES"},"content":{"rendered":"<div class=\"wpb-content-wrapper\"><p>[vc_row][vc_column][vc_empty_space height=&#8221;120px&#8221;][vc_column_text]<\/p>\n<h2>Preguntas frecuentes<\/h2>\n<p>[\/vc_column_text][\/vc_column][\/vc_row][vc_row][vc_column][vc_tta_accordion][vc_tta_section title=&#8221;\u00bfEs \u00e9ste el lugar para la educaci\u00f3n sobre el fentanilo por orden judicial?&#8221; tab_id=&#8221;1496430502407-ac963497-889d&#8221;][vc_column_text]S\u00ed. Si un tribunal de Colorado le dijo que tomar la educaci\u00f3n fentanilo, este es el lugar para usted. Haga clic en Inscribirse y marque la casilla &#8220;Un tribunal me lo ha ordenado&#8221; para realizar el curso.[\/vc_column_text][\/vc_tta_section][vc_tta_section title=&#8221;\u00bfEs este el lugar para los formadores que impartir\u00e1n Educaci\u00f3n sobre el Fentanilo para el estado de Colorado?&#8221; tab_id=&#8221;1496430502451-eea61646-44d6&#8243;][vc_column_text]S\u00ed. Las personas que trabajen con fentanilo y vayan a impartir formaci\u00f3n sobre el mismo a personas a las que el tribunal haya ordenado que lo reciban deben inscribirse y realizar el curso de Formaci\u00f3n de Formadores.[\/vc_column_text][\/vc_tta_section][vc_tta_section title=&#8221;\u00bfQui\u00e9n puede tomar Fentanyl Education?&#8221; tab_id=&#8221;1668290253623-5eb799d8-fff2&#8243;][vc_column_text]Aunque el curso de educaci\u00f3n sobre el fentanilo est\u00e1 destinado a las personas a las que el tribunal ha ordenado aprender sobre el fentanilo, cualquier persona puede inscribirse y completar el curso.<\/p>\n<p>Si se matricula porque le interesa, marque la opci\u00f3n &#8220;Tengo un inter\u00e9s personal&#8221;.[\/vc_column_text][\/vc_tta_section][vc_tta_section title=&#8221;\u00bfC\u00f3mo imprimo mi certificado de aprovechamiento?&#8221; tab_id=&#8221;1496430895704-37e26960-c0c4&#8243;][vc_column_text]Una vez completado el curso, un bot\u00f3n en la p\u00e1gina Mi cuenta y a la derecha del curso, le permitir\u00e1 descargar o enviar por correo electr\u00f3nico su certificado de finalizaci\u00f3n.<\/p>\n<p>[\/vc_column_text][\/vc_tta_section][vc_tta_section title=&#8221;\u00bfCu\u00e1l es el horario comercial habitual de Fentanyl Education?&#8221; tab_id=&#8221;1498503763594-166ae177-7ae3&#8243;][vc_column_text]Puede trabajar con los m\u00f3dulos en cualquier momento. Si necesita ayuda, puede enviarnos un correo electr\u00f3nico a support@fentanyled.org y esperar una respuesta en 24 horas en d\u00edas laborables.<\/p>\n<p>Nuestro horario normal de atenci\u00f3n al p\u00fablico es de 8.00 a 17.00, hora de la monta\u00f1a, de lunes a viernes.<\/p>\n<p>[\/vc_column_text][\/vc_tta_section][\/vc_tta_accordion][\/vc_column][\/vc_row][vc_row][vc_column][\/vc_column][\/vc_row]<\/p>\n<\/div>","protected":false},"excerpt":{"rendered":"<p>[vc_row][vc_column][vc_empty_space height=&#8221;120px&#8221;][vc_column_text] Preguntas frecuentes [\/vc_column_text][\/vc_column][\/vc_row][vc_row][vc_column][vc_tta_accordion][vc_tta_section title=&#8221;\u00bfEs \u00e9ste el lugar para la educaci\u00f3n sobre el fentanilo por orden judicial?&#8221; tab_id=&#8221;1496430502407-ac963497-889d&#8221;][vc_column_text]S\u00ed. Si un tribunal de Colorado le dijo que tomar la educaci\u00f3n <a class=\"read-more\" href=\"https:\/\/fentanyledcolorado.org\/es\/faq\/\">Read More<\/a><\/p>\n","protected":false},"author":2,"featured_media":0,"parent":0,"menu_order":0,"comment_status":"closed","ping_status":"closed","template":"","meta":{"_acf_changed":false,"footnotes":""},"class_list":["post-28718","page","type-page","status-publish","hentry"],"acf":[],"_links":{"self":[{"href":"https:\/\/fentanyledcolorado.org\/es\/wp-json\/wp\/v2\/pages\/28718","targetHints":{"allow":["GET"]}}],"collection":[{"href":"https:\/\/fentanyledcolorado.org\/es\/wp-json\/wp\/v2\/pages"}],"about":[{"href":"https:\/\/fentanyledcolorado.org\/es\/wp-json\/wp\/v2\/types\/page"}],"author":[{"embeddable":true,"href":"https:\/\/fentanyledcolorado.org\/es\/wp-json\/wp\/v2\/users\/2"}],"replies":[{"embeddable":true,"href":"https:\/\/fentanyledcolorado.org\/es\/wp-json\/wp\/v2\/comments?post=28718"}],"version-history":[{"count":0,"href":"https:\/\/fentanyledcolorado.org\/es\/wp-json\/wp\/v2\/pages\/28718\/revisions"}],"wp:attachment":[{"href":"https:\/\/fentanyledcolorado.org\/es\/wp-json\/wp\/v2\/media?parent=28718"}],"curies":[{"name":"wp","href":"https:\/\/api.w.org\/{rel}","templated":true}]}}